{"id":19,"date":"2021-02-15T18:55:31","date_gmt":"2021-02-15T17:55:31","guid":{"rendered":"http:\/\/www.remicierco.com\/?page_id=19"},"modified":"2021-02-16T16:04:23","modified_gmt":"2021-02-16T15:04:23","slug":"a-propos-de","status":"publish","type":"page","link":"https:\/\/www.remicierco.com\/?page_id=19","title":{"rendered":"BIOGRAPHIE"},"content":{"rendered":"\n<p><strong>REMI CIERCO<\/strong><\/p>\n\n\n\n<p><em>\u00ab Le support dicte souvent le fond de mes \u0153uvres \u00bb<\/em><\/p>\n\n\n\n<figure class=\"wp-block-image size-large\"><img loading=\"lazy\" width=\"800\" height=\"1000\" src=\"http:\/\/www.remicierco.com\/wp-content\/uploads\/2021\/02\/REMICIERCO1.jpg\" alt=\"\" class=\"wp-image-76\" srcset=\"https:\/\/www.remicierco.com\/wp-content\/uploads\/2021\/02\/REMICIERCO1.jpg 800w, https:\/\/www.remicierco.com\/wp-content\/uploads\/2021\/02\/REMICIERCO1-240x300.jpg 240w, https:\/\/www.remicierco.com\/wp-content\/uploads\/2021\/02\/REMICIERCO1-768x960.jpg 768w, https:\/\/www.remicierco.com\/wp-content\/uploads\/2021\/02\/REMICIERCO1-230x288.jpg 230w, https:\/\/www.remicierco.com\/wp-content\/uploads\/2021\/02\/REMICIERCO1-350x438.jpg 350w, https:\/\/www.remicierco.com\/wp-content\/uploads\/2021\/02\/REMICIERCO1-480x600.jpg 480w\" sizes=\"(max-width: 800px) 100vw, 800px\" \/><\/figure>\n\n\n\n<p class=\"has-text-align-left\">R\u00e9mi CIERCO est un artiste multidisciplinaire n\u00e9 en 1979 \u00e0 PARIS. Apr\u00e8s une formation initiale en \u00e9cole d\u2019Art, il est devenu sc\u00e9nographe, plasticien, illustrateur, peintre &#8230;.. un pied dans beaucoup de m\u00e9tiers artistiques, ce qui l\u2019am\u00e8ne \u00e0 c\u00f4toyer des univers cr\u00e9atifs tr\u00e8s diff\u00e9rents. Mais REMI CIERCO est aussi un artiste Street Art qui illumine la ville des ses fresques murales enfantines, qui mixent des personnages imaginaires et graffitis r\u00e9alis\u00e9s \u00e0 la bombe. Vous avez surement d\u00fb croiser ses peintures en vous promenant dans Paris.<\/p>\n\n\n\n<p class=\"has-text-align-left\">Quand il ne r\u00e9alise pas des fresques, REMI CIERCO peint sur des supports divers et vari\u00e9s, qu\u2019il r\u00e9cup\u00e8re au gr\u00e9 de ses p\u00e9r\u00e9grinations citadines. Panneaux de signalisation, volets en bois, caisses etc&#8230; Il n\u2019a pas de support de pr\u00e9dilection. Et tr\u00e8s souvent, c\u2019est ce support qui l\u2019inspire. Il imagine un univers \u00e0 partir de l\u2019objet en question, un personnage, une situation &#8230;. et les traits de peinture, les couleurs s\u2019additionnent pour former \u00e0 la fin &#8230;une histoire.<\/p>\n\n\n\n<p class=\"has-text-align-left\">Dans toutes les cr\u00e9ations de REMI CIERCO, que ce soit sur mur ou sur un quelconque support, il y a toujours une histoire, et c\u2019est cette histoire qui fait le lien entre toutes ses cr\u00e9ations. Le spectateur peut s\u2019y retrouver lui-m\u00eame, ou cela peut lui rappeler quelqu\u2019un, car tous les personnages de REMI CIERCO, nous les avons crois\u00e9s un jour.<\/p>\n\n\n\n<p><a href=\"http:\/\/www.remicierco.com\/?page_id=20\" data-type=\"URL\" data-id=\"http:\/\/www.remicierco.com\/?page_id=20\">Me contacter<\/a><\/p>\n\n\n\n<p><\/p>\n","protected":false},"excerpt":{"rendered":"<p>REMI CIERCO \u00ab Le support dicte souvent le fond de mes \u0153uvres \u00bb R\u00e9mi CIERCO est un artiste multidisciplinaire n\u00e9 en 1979 \u00e0 PARIS. Apr\u00e8s une formation initiale en \u00e9cole d\u2019Art, il est devenu sc\u00e9nographe, plasticien, illustrateur, peintre &#8230;.. un pied dans beaucoup de m\u00e9tiers artistiques, ce qui l\u2019am\u00e8ne \u00e0 c\u00f4toyer des univers cr\u00e9atifs tr\u00e8s [&hellip;]<\/p>\n","protected":false},"author":1,"featured_media":0,"parent":0,"menu_order":0,"comment_status":"closed","ping_status":"closed","template":"","meta":[],"_links":{"self":[{"href":"https:\/\/www.remicierco.com\/index.php?rest_route=\/wp\/v2\/pages\/19"}],"collection":[{"href":"https:\/\/www.remicierco.com\/index.php?rest_route=\/wp\/v2\/pages"}],"about":[{"href":"https:\/\/www.remicierco.com\/index.php?rest_route=\/wp\/v2\/types\/page"}],"author":[{"embeddable":true,"href":"https:\/\/www.remicierco.com\/index.php?rest_route=\/wp\/v2\/users\/1"}],"replies":[{"embeddable":true,"href":"https:\/\/www.remicierco.com\/index.php?rest_route=%2Fwp%2Fv2%2Fcomments&post=19"}],"version-history":[{"count":7,"href":"https:\/\/www.remicierco.com\/index.php?rest_route=\/wp\/v2\/pages\/19\/revisions"}],"predecessor-version":[{"id":99,"href":"https:\/\/www.remicierco.com\/index.php?rest_route=\/wp\/v2\/pages\/19\/revisions\/99"}],"wp:attachment":[{"href":"https:\/\/www.remicierco.com\/index.php?rest_route=%2Fwp%2Fv2%2Fmedia&parent=19"}],"curies":[{"name":"wp","href":"https:\/\/api.w.org\/{rel}","templated":true}]}}